{"id":33394,"date":"2024-01-28T19:30:38","date_gmt":"2024-01-28T18:30:38","guid":{"rendered":"https:\/\/www.dinolandia.pl\/oznamenie-skupiny\/"},"modified":"2024-06-11T12:45:21","modified_gmt":"2024-06-11T10:45:21","slug":"oznamenie-skupiny","status":"publish","type":"page","link":"https:\/\/www.dinolandia.pl\/sk\/oznamenie-skupiny\/","title":{"rendered":"Ozn\u00e1menie skupiny"},"content":{"rendered":"","protected":false},"excerpt":{"rendered":"","protected":false},"author":1,"featured_media":0,"parent":0,"menu_order":0,"comment_status":"closed","ping_status":"closed","template":"","meta":{"footnotes":""},"class_list":["post-33394","page","type-page","status-publish","hentry"],"yoast_head":"<!-- This site is optimized with the Yoast SEO plugin v27.4 - https:\/\/yoast.com\/product\/yoast-seo-wordpress\/ -->\n<title>Ozn\u00e1menie skupiny - Park Dinozaur\u00f3w i Rozrywki Dinolandia Inwa\u0142d<\/title>\n<meta name=\"robots\" content=\"index, follow, max-snippet:-1, max-image-preview:large, max-video-preview:-1\" \/>\n<link rel=\"canonical\" href=\"https:\/\/www.dinolandia.pl\/sk\/oznamenie-skupiny\/\" \/>\n<meta property=\"og:locale\" content=\"sk_SK\" \/>\n<meta property=\"og:type\" content=\"article\" \/>\n<meta property=\"og:title\" content=\"Ozn\u00e1menie skupiny - Park Dinozaur\u00f3w i Rozrywki Dinolandia Inwa\u0142d\" \/>\n<meta property=\"og:url\" content=\"https:\/\/www.dinolandia.pl\/sk\/oznamenie-skupiny\/\" \/>\n<meta property=\"og:site_name\" content=\"Park Dinozaur\u00f3w i Rozrywki Dinolandia Inwa\u0142d\" \/>\n<meta property=\"article:publisher\" content=\"https:\/\/www.facebook.com\/Dinolandia\" \/>\n<meta property=\"article:modified_time\" content=\"2024-06-11T10:45:21+00:00\" \/>\n<meta name=\"twitter:card\" content=\"summary_large_image\" \/>\n<script type=\"application\/ld+json\" class=\"yoast-schema-graph\">{\"@context\":\"https:\\\/\\\/schema.org\",\"@graph\":[{\"@type\":\"WebPage\",\"@id\":\"https:\\\/\\\/www.dinolandia.pl\\\/sk\\\/oznamenie-skupiny\\\/\",\"url\":\"https:\\\/\\\/www.dinolandia.pl\\\/sk\\\/oznamenie-skupiny\\\/\",\"name\":\"Ozn\u00e1menie skupiny - Park Dinozaur\u00f3w i Rozrywki Dinolandia Inwa\u0142d\",\"isPartOf\":{\"@id\":\"https:\\\/\\\/www.dinolandia.pl\\\/sk\\\/#website\"},\"datePublished\":\"2024-01-28T18:30:38+00:00\",\"dateModified\":\"2024-06-11T10:45:21+00:00\",\"breadcrumb\":{\"@id\":\"https:\\\/\\\/www.dinolandia.pl\\\/sk\\\/oznamenie-skupiny\\\/#breadcrumb\"},\"inLanguage\":\"sk-SK\",\"potentialAction\":[{\"@type\":\"ReadAction\",\"target\":[\"https:\\\/\\\/www.dinolandia.pl\\\/sk\\\/oznamenie-skupiny\\\/\"]}]},{\"@type\":\"BreadcrumbList\",\"@id\":\"https:\\\/\\\/www.dinolandia.pl\\\/sk\\\/oznamenie-skupiny\\\/#breadcrumb\",\"itemListElement\":[{\"@type\":\"ListItem\",\"position\":1,\"name\":\"Strona g\u0142\u00f3wna\",\"item\":\"https:\\\/\\\/www.dinolandia.pl\\\/sk\\\/\"},{\"@type\":\"ListItem\",\"position\":2,\"name\":\"Ozn\u00e1menie skupiny\"}]},{\"@type\":\"WebSite\",\"@id\":\"https:\\\/\\\/www.dinolandia.pl\\\/sk\\\/#website\",\"url\":\"https:\\\/\\\/www.dinolandia.pl\\\/sk\\\/\",\"name\":\"Park Dinozaur\u00f3w i Rozrywki Dinolandia Inwa\u0142d\",\"description\":\"\",\"publisher\":{\"@id\":\"https:\\\/\\\/www.dinolandia.pl\\\/sk\\\/#organization\"},\"potentialAction\":[{\"@type\":\"SearchAction\",\"target\":{\"@type\":\"EntryPoint\",\"urlTemplate\":\"https:\\\/\\\/www.dinolandia.pl\\\/sk\\\/?s={search_term_string}\"},\"query-input\":{\"@type\":\"PropertyValueSpecification\",\"valueRequired\":true,\"valueName\":\"search_term_string\"}}],\"inLanguage\":\"sk-SK\"},{\"@type\":\"Organization\",\"@id\":\"https:\\\/\\\/www.dinolandia.pl\\\/sk\\\/#organization\",\"name\":\"Park Dinozaur\u00f3w i Rozrywki Dinolandia Inwa\u0142d\",\"url\":\"https:\\\/\\\/www.dinolandia.pl\\\/sk\\\/\",\"logo\":{\"@type\":\"ImageObject\",\"inLanguage\":\"sk-SK\",\"@id\":\"https:\\\/\\\/www.dinolandia.pl\\\/sk\\\/#\\\/schema\\\/logo\\\/image\\\/\",\"url\":\"https:\\\/\\\/www.dinolandia.pl\\\/wp-content\\\/uploads\\\/2023\\\/06\\\/logo-dinolandia-m.png\",\"contentUrl\":\"https:\\\/\\\/www.dinolandia.pl\\\/wp-content\\\/uploads\\\/2023\\\/06\\\/logo-dinolandia-m.png\",\"width\":180,\"height\":180,\"caption\":\"Park Dinozaur\u00f3w i Rozrywki Dinolandia Inwa\u0142d\"},\"image\":{\"@id\":\"https:\\\/\\\/www.dinolandia.pl\\\/sk\\\/#\\\/schema\\\/logo\\\/image\\\/\"},\"sameAs\":[\"https:\\\/\\\/www.facebook.com\\\/Dinolandia\",\"https:\\\/\\\/www.instagram.com\\\/parkdinolandia\\\/\"]}]}<\/script>\n<!-- \/ Yoast SEO plugin. -->","yoast_head_json":{"title":"Ozn\u00e1menie skupiny - Park Dinozaur\u00f3w i Rozrywki Dinolandia Inwa\u0142d","robots":{"index":"index","follow":"follow","max-snippet":"max-snippet:-1","max-image-preview":"max-image-preview:large","max-video-preview":"max-video-preview:-1"},"canonical":"https:\/\/www.dinolandia.pl\/sk\/oznamenie-skupiny\/","og_locale":"sk_SK","og_type":"article","og_title":"Ozn\u00e1menie skupiny - Park Dinozaur\u00f3w i Rozrywki Dinolandia Inwa\u0142d","og_url":"https:\/\/www.dinolandia.pl\/sk\/oznamenie-skupiny\/","og_site_name":"Park Dinozaur\u00f3w i Rozrywki Dinolandia Inwa\u0142d","article_publisher":"https:\/\/www.facebook.com\/Dinolandia","article_modified_time":"2024-06-11T10:45:21+00:00","twitter_card":"summary_large_image","schema":{"@context":"https:\/\/schema.org","@graph":[{"@type":"WebPage","@id":"https:\/\/www.dinolandia.pl\/sk\/oznamenie-skupiny\/","url":"https:\/\/www.dinolandia.pl\/sk\/oznamenie-skupiny\/","name":"Ozn\u00e1menie skupiny - Park Dinozaur\u00f3w i Rozrywki Dinolandia Inwa\u0142d","isPartOf":{"@id":"https:\/\/www.dinolandia.pl\/sk\/#website"},"datePublished":"2024-01-28T18:30:38+00:00","dateModified":"2024-06-11T10:45:21+00:00","breadcrumb":{"@id":"https:\/\/www.dinolandia.pl\/sk\/oznamenie-skupiny\/#breadcrumb"},"inLanguage":"sk-SK","potentialAction":[{"@type":"ReadAction","target":["https:\/\/www.dinolandia.pl\/sk\/oznamenie-skupiny\/"]}]},{"@type":"BreadcrumbList","@id":"https:\/\/www.dinolandia.pl\/sk\/oznamenie-skupiny\/#breadcrumb","itemListElement":[{"@type":"ListItem","position":1,"name":"Strona g\u0142\u00f3wna","item":"https:\/\/www.dinolandia.pl\/sk\/"},{"@type":"ListItem","position":2,"name":"Ozn\u00e1menie skupiny"}]},{"@type":"WebSite","@id":"https:\/\/www.dinolandia.pl\/sk\/#website","url":"https:\/\/www.dinolandia.pl\/sk\/","name":"Park Dinozaur\u00f3w i Rozrywki Dinolandia Inwa\u0142d","description":"","publisher":{"@id":"https:\/\/www.dinolandia.pl\/sk\/#organization"},"potentialAction":[{"@type":"SearchAction","target":{"@type":"EntryPoint","urlTemplate":"https:\/\/www.dinolandia.pl\/sk\/?s={search_term_string}"},"query-input":{"@type":"PropertyValueSpecification","valueRequired":true,"valueName":"search_term_string"}}],"inLanguage":"sk-SK"},{"@type":"Organization","@id":"https:\/\/www.dinolandia.pl\/sk\/#organization","name":"Park Dinozaur\u00f3w i Rozrywki Dinolandia Inwa\u0142d","url":"https:\/\/www.dinolandia.pl\/sk\/","logo":{"@type":"ImageObject","inLanguage":"sk-SK","@id":"https:\/\/www.dinolandia.pl\/sk\/#\/schema\/logo\/image\/","url":"https:\/\/www.dinolandia.pl\/wp-content\/uploads\/2023\/06\/logo-dinolandia-m.png","contentUrl":"https:\/\/www.dinolandia.pl\/wp-content\/uploads\/2023\/06\/logo-dinolandia-m.png","width":180,"height":180,"caption":"Park Dinozaur\u00f3w i Rozrywki Dinolandia Inwa\u0142d"},"image":{"@id":"https:\/\/www.dinolandia.pl\/sk\/#\/schema\/logo\/image\/"},"sameAs":["https:\/\/www.facebook.com\/Dinolandia","https:\/\/www.instagram.com\/parkdinolandia\/"]}]}},"_links":{"self":[{"href":"https:\/\/www.dinolandia.pl\/sk\/wp-json\/wp\/v2\/pages\/33394","targetHints":{"allow":["GET"]}}],"collection":[{"href":"https:\/\/www.dinolandia.pl\/sk\/wp-json\/wp\/v2\/pages"}],"about":[{"href":"https:\/\/www.dinolandia.pl\/sk\/wp-json\/wp\/v2\/types\/page"}],"author":[{"embeddable":true,"href":"https:\/\/www.dinolandia.pl\/sk\/wp-json\/wp\/v2\/users\/1"}],"replies":[{"embeddable":true,"href":"https:\/\/www.dinolandia.pl\/sk\/wp-json\/wp\/v2\/comments?post=33394"}],"version-history":[{"count":1,"href":"https:\/\/www.dinolandia.pl\/sk\/wp-json\/wp\/v2\/pages\/33394\/revisions"}],"predecessor-version":[{"id":33395,"href":"https:\/\/www.dinolandia.pl\/sk\/wp-json\/wp\/v2\/pages\/33394\/revisions\/33395"}],"wp:attachment":[{"href":"https:\/\/www.dinolandia.pl\/sk\/wp-json\/wp\/v2\/media?parent=33394"}],"curies":[{"name":"wp","href":"https:\/\/api.w.org\/{rel}","templated":true}]}}