{"id":33526,"date":"2018-12-03T09:40:15","date_gmt":"2018-12-03T08:40:15","guid":{"rendered":"https:\/\/www.dinolandia.pl\/offer-for-groups\/"},"modified":"2024-06-20T11:24:51","modified_gmt":"2024-06-20T09:24:51","slug":"offer-for-groups","status":"publish","type":"page","link":"https:\/\/www.dinolandia.pl\/en\/offer-for-groups\/","title":{"rendered":"Offer for groups"},"content":{"rendered":"","protected":false},"excerpt":{"rendered":"","protected":false},"author":1,"featured_media":0,"parent":0,"menu_order":0,"comment_status":"closed","ping_status":"closed","template":"","meta":{"footnotes":""},"class_list":["post-33526","page","type-page","status-publish","hentry"],"yoast_head":"<!-- This site is optimized with the Yoast SEO Premium plugin v27.5 (Yoast SEO v27.5) - https:\/\/yoast.com\/product\/yoast-seo-premium-wordpress\/ -->\n<title>Offer for groups - Park Dinozaur\u00f3w i Rozrywki Dinolandia Inwa\u0142d<\/title>\n<meta name=\"robots\" content=\"index, follow, max-snippet:-1, max-image-preview:large, max-video-preview:-1\" \/>\n<link rel=\"canonical\" href=\"https:\/\/www.dinolandia.pl\/en\/offer-for-groups\/\" \/>\n<meta property=\"og:locale\" content=\"en_US\" \/>\n<meta property=\"og:type\" content=\"article\" \/>\n<meta property=\"og:title\" content=\"Offer for groups\" \/>\n<meta property=\"og:url\" content=\"https:\/\/www.dinolandia.pl\/en\/offer-for-groups\/\" \/>\n<meta property=\"og:site_name\" content=\"Park Dinozaur\u00f3w i Rozrywki Dinolandia Inwa\u0142d\" \/>\n<meta property=\"article:publisher\" content=\"https:\/\/www.facebook.com\/Dinolandia\" \/>\n<meta property=\"article:modified_time\" content=\"2024-06-20T09:24:51+00:00\" \/>\n<meta property=\"og:image\" content=\"https:\/\/www.dinolandia.pl\/wp-content\/uploads\/2023\/02\/bilet-grupowy-300x300.png\" \/>\n<meta name=\"twitter:card\" content=\"summary_large_image\" \/>\n<script type=\"application\/ld+json\" class=\"yoast-schema-graph\">{\"@context\":\"https:\\\/\\\/schema.org\",\"@graph\":[{\"@type\":\"WebPage\",\"@id\":\"https:\\\/\\\/www.dinolandia.pl\\\/en\\\/offer-for-groups\\\/\",\"url\":\"https:\\\/\\\/www.dinolandia.pl\\\/en\\\/offer-for-groups\\\/\",\"name\":\"Offer for groups - Park Dinozaur\u00f3w i Rozrywki Dinolandia Inwa\u0142d\",\"isPartOf\":{\"@id\":\"https:\\\/\\\/www.dinolandia.pl\\\/en\\\/#website\"},\"datePublished\":\"2018-12-03T08:40:15+00:00\",\"dateModified\":\"2024-06-20T09:24:51+00:00\",\"breadcrumb\":{\"@id\":\"https:\\\/\\\/www.dinolandia.pl\\\/en\\\/offer-for-groups\\\/#breadcrumb\"},\"inLanguage\":\"en-US\",\"potentialAction\":[{\"@type\":\"ReadAction\",\"target\":[\"https:\\\/\\\/www.dinolandia.pl\\\/en\\\/offer-for-groups\\\/\"]}]},{\"@type\":\"BreadcrumbList\",\"@id\":\"https:\\\/\\\/www.dinolandia.pl\\\/en\\\/offer-for-groups\\\/#breadcrumb\",\"itemListElement\":[{\"@type\":\"ListItem\",\"position\":1,\"name\":\"Strona g\u0142\u00f3wna\",\"item\":\"https:\\\/\\\/www.dinolandia.pl\\\/en\\\/\"},{\"@type\":\"ListItem\",\"position\":2,\"name\":\"Offer for groups\"}]},{\"@type\":\"WebSite\",\"@id\":\"https:\\\/\\\/www.dinolandia.pl\\\/en\\\/#website\",\"url\":\"https:\\\/\\\/www.dinolandia.pl\\\/en\\\/\",\"name\":\"Park Dinozaur\u00f3w i Rozrywki Dinolandia Inwa\u0142d\",\"description\":\"Park pe\u0142en przyg\u00f3d!\",\"publisher\":{\"@id\":\"https:\\\/\\\/www.dinolandia.pl\\\/en\\\/#organization\"},\"alternateName\":\"Dinolandia\",\"potentialAction\":[{\"@type\":\"SearchAction\",\"target\":{\"@type\":\"EntryPoint\",\"urlTemplate\":\"https:\\\/\\\/www.dinolandia.pl\\\/en\\\/?s={search_term_string}\"},\"query-input\":{\"@type\":\"PropertyValueSpecification\",\"valueRequired\":true,\"valueName\":\"search_term_string\"}}],\"inLanguage\":\"en-US\"},{\"@type\":\"Organization\",\"@id\":\"https:\\\/\\\/www.dinolandia.pl\\\/en\\\/#organization\",\"name\":\"Park Dinozaur\u00f3w i Rozrywki Dinolandia Inwa\u0142d\",\"alternateName\":\"Dinolandia\",\"url\":\"https:\\\/\\\/www.dinolandia.pl\\\/en\\\/\",\"logo\":{\"@type\":\"ImageObject\",\"inLanguage\":\"en-US\",\"@id\":\"https:\\\/\\\/www.dinolandia.pl\\\/en\\\/#\\\/schema\\\/logo\\\/image\\\/\",\"url\":\"https:\\\/\\\/www.dinolandia.pl\\\/wp-content\\\/uploads\\\/2026\\\/05\\\/logo_dinolandia_duze.jpg\",\"contentUrl\":\"https:\\\/\\\/www.dinolandia.pl\\\/wp-content\\\/uploads\\\/2026\\\/05\\\/logo_dinolandia_duze.jpg\",\"width\":696,\"height\":695,\"caption\":\"Park Dinozaur\u00f3w i Rozrywki Dinolandia Inwa\u0142d\"},\"image\":{\"@id\":\"https:\\\/\\\/www.dinolandia.pl\\\/en\\\/#\\\/schema\\\/logo\\\/image\\\/\"},\"sameAs\":[\"https:\\\/\\\/www.facebook.com\\\/Dinolandia\",\"https:\\\/\\\/www.instagram.com\\\/parkdinolandia\\\/\"],\"description\":\"Park Dinozaur\u00f3w i Rozrywki Dinolandia w Inwa\u0142dzie ko\u0142o Wadowic (Ma\u0142opolska), po\u0142o\u017cony bezpo\u015brednio przy drodze wojew\u00f3dzkiej nr 52 na trasie Krak\u00f3w\u2013Bielsko-Bia\u0142a. Dinolandia \u0142\u0105czy edukacj\u0119 z aktywn\u0105 rekreacj\u0105 na \u015bwie\u017cym powietrzu, oferuj\u0105c ponad 60 figur dinozaur\u00f3w, pterozaur\u00f3w i ichtiozaur\u00f3w w skali naturalnej oraz ponad 30 atrakcji dla ca\u0142ej rodziny. W parku mo\u017cna zosta\u0107 paleontologiem odkopuj\u0105cym skamienia\u0142o\u015bci, pokona\u0107 park linowy, wspi\u0105\u0107 si\u0119 na \u015bcian\u0119 wspinaczkow\u0105 lub przejecha\u0107 si\u0119 gokartem. Dinolandia to idealne miejsce na rodzinny wypad, wycieczk\u0119 szkoln\u0105 oraz urodziny dla dzieci.\",\"email\":\"info@dinolandia.pl\",\"telephone\":\"+48 535 335 388\",\"legalName\":\"AS Invest Sp. z o.o.\",\"foundingDate\":\"2009-08-26\",\"numberOfEmployees\":{\"@type\":\"QuantitativeValue\",\"minValue\":\"51\",\"maxValue\":\"200\"}}]}<\/script>\n<!-- \/ Yoast SEO Premium plugin. -->","yoast_head_json":{"title":"Offer for groups - Park Dinozaur\u00f3w i Rozrywki Dinolandia Inwa\u0142d","robots":{"index":"index","follow":"follow","max-snippet":"max-snippet:-1","max-image-preview":"max-image-preview:large","max-video-preview":"max-video-preview:-1"},"canonical":"https:\/\/www.dinolandia.pl\/en\/offer-for-groups\/","og_locale":"en_US","og_type":"article","og_title":"Offer for groups","og_url":"https:\/\/www.dinolandia.pl\/en\/offer-for-groups\/","og_site_name":"Park Dinozaur\u00f3w i Rozrywki Dinolandia Inwa\u0142d","article_publisher":"https:\/\/www.facebook.com\/Dinolandia","article_modified_time":"2024-06-20T09:24:51+00:00","og_image":[{"url":"https:\/\/www.dinolandia.pl\/wp-content\/uploads\/2023\/02\/bilet-grupowy-300x300.png","type":"","width":"","height":""}],"twitter_card":"summary_large_image","schema":{"@context":"https:\/\/schema.org","@graph":[{"@type":"WebPage","@id":"https:\/\/www.dinolandia.pl\/en\/offer-for-groups\/","url":"https:\/\/www.dinolandia.pl\/en\/offer-for-groups\/","name":"Offer for groups - Park Dinozaur\u00f3w i Rozrywki Dinolandia Inwa\u0142d","isPartOf":{"@id":"https:\/\/www.dinolandia.pl\/en\/#website"},"datePublished":"2018-12-03T08:40:15+00:00","dateModified":"2024-06-20T09:24:51+00:00","breadcrumb":{"@id":"https:\/\/www.dinolandia.pl\/en\/offer-for-groups\/#breadcrumb"},"inLanguage":"en-US","potentialAction":[{"@type":"ReadAction","target":["https:\/\/www.dinolandia.pl\/en\/offer-for-groups\/"]}]},{"@type":"BreadcrumbList","@id":"https:\/\/www.dinolandia.pl\/en\/offer-for-groups\/#breadcrumb","itemListElement":[{"@type":"ListItem","position":1,"name":"Strona g\u0142\u00f3wna","item":"https:\/\/www.dinolandia.pl\/en\/"},{"@type":"ListItem","position":2,"name":"Offer for groups"}]},{"@type":"WebSite","@id":"https:\/\/www.dinolandia.pl\/en\/#website","url":"https:\/\/www.dinolandia.pl\/en\/","name":"Park Dinozaur\u00f3w i Rozrywki Dinolandia Inwa\u0142d","description":"Park pe\u0142en przyg\u00f3d!","publisher":{"@id":"https:\/\/www.dinolandia.pl\/en\/#organization"},"alternateName":"Dinolandia","potentialAction":[{"@type":"SearchAction","target":{"@type":"EntryPoint","urlTemplate":"https:\/\/www.dinolandia.pl\/en\/?s={search_term_string}"},"query-input":{"@type":"PropertyValueSpecification","valueRequired":true,"valueName":"search_term_string"}}],"inLanguage":"en-US"},{"@type":"Organization","@id":"https:\/\/www.dinolandia.pl\/en\/#organization","name":"Park Dinozaur\u00f3w i Rozrywki Dinolandia Inwa\u0142d","alternateName":"Dinolandia","url":"https:\/\/www.dinolandia.pl\/en\/","logo":{"@type":"ImageObject","inLanguage":"en-US","@id":"https:\/\/www.dinolandia.pl\/en\/#\/schema\/logo\/image\/","url":"https:\/\/www.dinolandia.pl\/wp-content\/uploads\/2026\/05\/logo_dinolandia_duze.jpg","contentUrl":"https:\/\/www.dinolandia.pl\/wp-content\/uploads\/2026\/05\/logo_dinolandia_duze.jpg","width":696,"height":695,"caption":"Park Dinozaur\u00f3w i Rozrywki Dinolandia Inwa\u0142d"},"image":{"@id":"https:\/\/www.dinolandia.pl\/en\/#\/schema\/logo\/image\/"},"sameAs":["https:\/\/www.facebook.com\/Dinolandia","https:\/\/www.instagram.com\/parkdinolandia\/"],"description":"Park Dinozaur\u00f3w i Rozrywki Dinolandia w Inwa\u0142dzie ko\u0142o Wadowic (Ma\u0142opolska), po\u0142o\u017cony bezpo\u015brednio przy drodze wojew\u00f3dzkiej nr 52 na trasie Krak\u00f3w\u2013Bielsko-Bia\u0142a. Dinolandia \u0142\u0105czy edukacj\u0119 z aktywn\u0105 rekreacj\u0105 na \u015bwie\u017cym powietrzu, oferuj\u0105c ponad 60 figur dinozaur\u00f3w, pterozaur\u00f3w i ichtiozaur\u00f3w w skali naturalnej oraz ponad 30 atrakcji dla ca\u0142ej rodziny. W parku mo\u017cna zosta\u0107 paleontologiem odkopuj\u0105cym skamienia\u0142o\u015bci, pokona\u0107 park linowy, wspi\u0105\u0107 si\u0119 na \u015bcian\u0119 wspinaczkow\u0105 lub przejecha\u0107 si\u0119 gokartem. Dinolandia to idealne miejsce na rodzinny wypad, wycieczk\u0119 szkoln\u0105 oraz urodziny dla dzieci.","email":"info@dinolandia.pl","telephone":"+48 535 335 388","legalName":"AS Invest Sp. z o.o.","foundingDate":"2009-08-26","numberOfEmployees":{"@type":"QuantitativeValue","minValue":"51","maxValue":"200"}}]}},"_links":{"self":[{"href":"https:\/\/www.dinolandia.pl\/en\/wp-json\/wp\/v2\/pages\/33526","targetHints":{"allow":["GET"]}}],"collection":[{"href":"https:\/\/www.dinolandia.pl\/en\/wp-json\/wp\/v2\/pages"}],"about":[{"href":"https:\/\/www.dinolandia.pl\/en\/wp-json\/wp\/v2\/types\/page"}],"author":[{"embeddable":true,"href":"https:\/\/www.dinolandia.pl\/en\/wp-json\/wp\/v2\/users\/1"}],"replies":[{"embeddable":true,"href":"https:\/\/www.dinolandia.pl\/en\/wp-json\/wp\/v2\/comments?post=33526"}],"version-history":[{"count":1,"href":"https:\/\/www.dinolandia.pl\/en\/wp-json\/wp\/v2\/pages\/33526\/revisions"}],"predecessor-version":[{"id":33529,"href":"https:\/\/www.dinolandia.pl\/en\/wp-json\/wp\/v2\/pages\/33526\/revisions\/33529"}],"wp:attachment":[{"href":"https:\/\/www.dinolandia.pl\/en\/wp-json\/wp\/v2\/media?parent=33526"}],"curies":[{"name":"wp","href":"https:\/\/api.w.org\/{rel}","templated":true}]}}